{"id":359,"date":"2024-06-12T13:58:25","date_gmt":"2024-06-12T11:58:25","guid":{"rendered":"https:\/\/euroleads.eu\/about-us\/"},"modified":"2026-02-12T15:41:26","modified_gmt":"2026-02-12T14:41:26","slug":"a-propos","status":"publish","type":"page","link":"https:\/\/euroleads.eu\/fr\/a-propos\/","title":{"rendered":"\u00c0 propos"},"content":{"rendered":"<h1>\u00c0 propos. <\/h1>\n<p>Apprenez-en davantage sur notre \u00e9quipe, nos valeurs, et les fondements de notre entreprise.<\/p>\n<h2>Vos experts en data. <\/h2>\n<p>Chez Euroleads, nous sommes votre ressource externe, analysant, comprenant et int\u00e9grant vos besoins sp\u00e9cifiques pour obtenir des r\u00e9sultats de qualit\u00e9.\u00a0 Avec une connaissance approfondie des march\u00e9s fran\u00e7ais et internationaux, relay\u00e9e par un r\u00e9seau de partenaires unique, Euroleads propose un service mondial adapt\u00e9 aux objectifs de d\u00e9veloppement locaux et multinationaux. Par la fourniture de solutions de donn\u00e9es optimales, adapt\u00e9es aux particularit\u00e9s locales, nous garantissons le succ\u00e8s de vos projets. Tous nos clients nous font confiance pour notre ind\u00e9pendance, l&rsquo;impartialit\u00e9 de notre travail, ainsi que pour notre engagement de respect de la qualit\u00e9. Avec une expertise internationale d\u00e9velopp\u00e9e depuis plus de 45 ans, soutenue par notre r\u00e9seau de collaborateurs partout dans le monde, Euroleads reste \u00e0 la pointe de tous les march\u00e9s mondiaux de la data.<\/p>\n<h2>R\u00e9activit\u00e9, apprentissage continu et collaboration. <\/h2>\n<p>Nous garantissons une rapidit\u00e9 de r\u00e9ponse \u00e0 toutes les demandes, afin d&rsquo;offrir des \u00e9changes fluides et efficaces au service de nos clients. Et nous allons au-del\u00e0 : nous posons toutes les questions pertinentes pour mieux comprendre vos besoins et vous proposer des solutions sur mesure. Dans les domaines o\u00f9 notre expertise serait limit\u00e9e, nous nous engageons \u00e0 trouver les r\u00e9ponses n\u00e9cessaires et \u00e0 collaborer avec des partenaires poss\u00e9dant les connaissances requises.<\/p>\n<h2>Comment travaillons-nous ? <\/h2>\n<p>Nous accordons une importance capitale \u00e0 la qualit\u00e9 des donn\u00e9es ; ne cr\u00e9ant ni n&rsquo;h\u00e9bergeant de bases de donn\u00e9es, nous pr\u00e9conisons toujours les donn\u00e9es de la plus haute qualit\u00e9 pour r\u00e9pondre \u00e0 vos objectifs de ciblage, qu&rsquo;il s&rsquo;agisse de marketing direct ou de processus KYC\/KYB. Nos recommandations sont exclusivement orient\u00e9es vers vos int\u00e9r\u00eats, et notre \u00e9quipe internationale, forte de plus de 45 ans d&rsquo;exp\u00e9rience, est compos\u00e9e de collaborateurs et de partenaires \u00e0 travers le monde, nous permettant de suivre de pr\u00e8s les \u00e9volutions des march\u00e9s internationaux et de rester \u00e0 la pointe des normes de l&rsquo;industrie. Nous sommes rigoureusement conformes au RGPD et aux lois am\u00e9ricaines.<\/p>\n<h2>MV Group :  7 filiales, 1 strat\u00e9gie digitale. <\/h2>\n<p>En 2023, Euroleads est devenue l&rsquo;une des branches de MV GROUP, apportant \u00e0 ce leader fran\u00e7ais du digital son expertise internationale avec elle sa fameuse expertise internationale. MV Group rassemble un large \u00e9ventail d&rsquo;expertises digitales, permettant ainsi d\u2019accompagner une typologie vari\u00e9e d\u2019entreprises.<\/p>\n","protected":false},"excerpt":{"rendered":"<p>\u00c0 propos. Apprenez-en davantage sur notre \u00e9quipe, nos valeurs, et les fondements de notre entreprise. Vos experts en data. Chez Euroleads, nous sommes votre ressource externe, analysant, comprenant et int\u00e9grant vos besoins sp\u00e9cifiques pour obtenir des r\u00e9sultats de qualit\u00e9.\u00a0 Avec une connaissance approfondie des march\u00e9s fran\u00e7ais et internationaux, relay\u00e9e par un r\u00e9seau de partenaires unique, [&hellip;]<\/p>\n","protected":false},"author":1,"featured_media":1393,"parent":0,"menu_order":0,"comment_status":"closed","ping_status":"closed","template":"","meta":{"_acf_changed":false,"footnotes":""},"class_list":["post-359","page","type-page","status-publish","has-post-thumbnail","hentry"],"acf":[],"yoast_head":"<!-- This site is optimized with the Yoast SEO plugin v27.4 - https:\/\/yoast.com\/product\/yoast-seo-wordpress\/ -->\n<title>\u00c0 propos | Euroleads<\/title>\n<meta name=\"description\" content=\"Apprenez-en davantage sur notre \u00e9quipe, nos valeurs, et les fondements de notre entreprise.\" \/>\n<meta name=\"robots\" content=\"index, follow, max-snippet:-1, max-image-preview:large, max-video-preview:-1\" \/>\n<link rel=\"canonical\" href=\"https:\/\/euroleads.eu\/fr\/a-propos\/\" \/>\n<meta property=\"og:locale\" content=\"fr_FR\" \/>\n<meta property=\"og:type\" content=\"article\" \/>\n<meta property=\"og:title\" content=\"\u00c0 propos | Euroleads\" \/>\n<meta property=\"og:description\" content=\"Apprenez-en davantage sur notre \u00e9quipe, nos valeurs, et les fondements de notre entreprise.\" \/>\n<meta property=\"og:url\" content=\"https:\/\/euroleads.eu\/fr\/a-propos\/\" \/>\n<meta property=\"og:site_name\" content=\"Euroleads\" \/>\n<meta property=\"article:modified_time\" content=\"2026-02-12T14:41:26+00:00\" \/>\n<meta property=\"og:image\" content=\"https:\/\/euroleads.eu\/wp-content\/uploads\/2024\/08\/sbo-eur-240603-1-0068-scaled.jpg\" \/>\n\t<meta property=\"og:image:width\" content=\"2048\" \/>\n\t<meta property=\"og:image:height\" content=\"1366\" \/>\n\t<meta property=\"og:image:type\" content=\"image\/jpeg\" \/>\n<meta name=\"twitter:card\" content=\"summary_large_image\" \/>\n<meta name=\"twitter:label1\" content=\"Dur\u00e9e de lecture estim\u00e9e\" \/>\n\t<meta name=\"twitter:data1\" content=\"6 minutes\" \/>\n<script type=\"application\/ld+json\" class=\"yoast-schema-graph\">{\"@context\":\"https:\\\/\\\/schema.org\",\"@graph\":[{\"@type\":\"WebPage\",\"@id\":\"https:\\\/\\\/euroleads.eu\\\/fr\\\/a-propos\\\/\",\"url\":\"https:\\\/\\\/euroleads.eu\\\/fr\\\/a-propos\\\/\",\"name\":\"\u00c0 propos | Euroleads\",\"isPartOf\":{\"@id\":\"https:\\\/\\\/euroleads.eu\\\/fr\\\/#website\"},\"primaryImageOfPage\":{\"@id\":\"https:\\\/\\\/euroleads.eu\\\/fr\\\/a-propos\\\/#primaryimage\"},\"image\":{\"@id\":\"https:\\\/\\\/euroleads.eu\\\/fr\\\/a-propos\\\/#primaryimage\"},\"thumbnailUrl\":\"https:\\\/\\\/euroleads.eu\\\/wp-content\\\/uploads\\\/2024\\\/08\\\/sbo-eur-240603-1-0068-scaled.jpg\",\"datePublished\":\"2024-06-12T11:58:25+00:00\",\"dateModified\":\"2026-02-12T14:41:26+00:00\",\"description\":\"Apprenez-en davantage sur notre \u00e9quipe, nos valeurs, et les fondements de notre entreprise.\",\"breadcrumb\":{\"@id\":\"https:\\\/\\\/euroleads.eu\\\/fr\\\/a-propos\\\/#breadcrumb\"},\"inLanguage\":\"fr-FR\",\"potentialAction\":[{\"@type\":\"ReadAction\",\"target\":[\"https:\\\/\\\/euroleads.eu\\\/fr\\\/a-propos\\\/\"]}]},{\"@type\":\"ImageObject\",\"inLanguage\":\"fr-FR\",\"@id\":\"https:\\\/\\\/euroleads.eu\\\/fr\\\/a-propos\\\/#primaryimage\",\"url\":\"https:\\\/\\\/euroleads.eu\\\/wp-content\\\/uploads\\\/2024\\\/08\\\/sbo-eur-240603-1-0068-scaled.jpg\",\"contentUrl\":\"https:\\\/\\\/euroleads.eu\\\/wp-content\\\/uploads\\\/2024\\\/08\\\/sbo-eur-240603-1-0068-scaled.jpg\",\"width\":2048,\"height\":1366,\"caption\":\"r\u00e9union de collaborateurs Euroleads\"},{\"@type\":\"BreadcrumbList\",\"@id\":\"https:\\\/\\\/euroleads.eu\\\/fr\\\/a-propos\\\/#breadcrumb\",\"itemListElement\":[{\"@type\":\"ListItem\",\"position\":1,\"name\":\"Accueil\",\"item\":\"https:\\\/\\\/euroleads.eu\\\/fr\\\/\"},{\"@type\":\"ListItem\",\"position\":2,\"name\":\"\u00c0 propos\"}]},{\"@type\":\"WebSite\",\"@id\":\"https:\\\/\\\/euroleads.eu\\\/fr\\\/#website\",\"url\":\"https:\\\/\\\/euroleads.eu\\\/fr\\\/\",\"name\":\"Euroleads\",\"description\":\"\",\"publisher\":{\"@id\":\"https:\\\/\\\/euroleads.eu\\\/fr\\\/#organization\"},\"potentialAction\":[{\"@type\":\"SearchAction\",\"target\":{\"@type\":\"EntryPoint\",\"urlTemplate\":\"https:\\\/\\\/euroleads.eu\\\/fr\\\/?s={search_term_string}\"},\"query-input\":{\"@type\":\"PropertyValueSpecification\",\"valueRequired\":true,\"valueName\":\"search_term_string\"}}],\"inLanguage\":\"fr-FR\"},{\"@type\":\"Organization\",\"@id\":\"https:\\\/\\\/euroleads.eu\\\/fr\\\/#organization\",\"name\":\"Euroleads\",\"alternateName\":\"Euroleads\",\"url\":\"https:\\\/\\\/euroleads.eu\\\/fr\\\/\",\"logo\":{\"@type\":\"ImageObject\",\"inLanguage\":\"fr-FR\",\"@id\":\"https:\\\/\\\/euroleads.eu\\\/fr\\\/#\\\/schema\\\/logo\\\/image\\\/\",\"url\":\"https:\\\/\\\/euroleads.eu\\\/wp-content\\\/uploads\\\/2024\\\/06\\\/logo-euroleads.png\",\"contentUrl\":\"https:\\\/\\\/euroleads.eu\\\/wp-content\\\/uploads\\\/2024\\\/06\\\/logo-euroleads.png\",\"width\":250,\"height\":52,\"caption\":\"Euroleads\"},\"image\":{\"@id\":\"https:\\\/\\\/euroleads.eu\\\/fr\\\/#\\\/schema\\\/logo\\\/image\\\/\"}}]}<\/script>\n<!-- \/ Yoast SEO plugin. -->","yoast_head_json":{"title":"\u00c0 propos | Euroleads","description":"Apprenez-en davantage sur notre \u00e9quipe, nos valeurs, et les fondements de notre entreprise.","robots":{"index":"index","follow":"follow","max-snippet":"max-snippet:-1","max-image-preview":"max-image-preview:large","max-video-preview":"max-video-preview:-1"},"canonical":"https:\/\/euroleads.eu\/fr\/a-propos\/","og_locale":"fr_FR","og_type":"article","og_title":"\u00c0 propos | Euroleads","og_description":"Apprenez-en davantage sur notre \u00e9quipe, nos valeurs, et les fondements de notre entreprise.","og_url":"https:\/\/euroleads.eu\/fr\/a-propos\/","og_site_name":"Euroleads","article_modified_time":"2026-02-12T14:41:26+00:00","og_image":[{"width":2048,"height":1366,"url":"https:\/\/euroleads.eu\/wp-content\/uploads\/2024\/08\/sbo-eur-240603-1-0068-scaled.jpg","type":"image\/jpeg"}],"twitter_card":"summary_large_image","twitter_misc":{"Dur\u00e9e de lecture estim\u00e9e":"6 minutes"},"schema":{"@context":"https:\/\/schema.org","@graph":[{"@type":"WebPage","@id":"https:\/\/euroleads.eu\/fr\/a-propos\/","url":"https:\/\/euroleads.eu\/fr\/a-propos\/","name":"\u00c0 propos | Euroleads","isPartOf":{"@id":"https:\/\/euroleads.eu\/fr\/#website"},"primaryImageOfPage":{"@id":"https:\/\/euroleads.eu\/fr\/a-propos\/#primaryimage"},"image":{"@id":"https:\/\/euroleads.eu\/fr\/a-propos\/#primaryimage"},"thumbnailUrl":"https:\/\/euroleads.eu\/wp-content\/uploads\/2024\/08\/sbo-eur-240603-1-0068-scaled.jpg","datePublished":"2024-06-12T11:58:25+00:00","dateModified":"2026-02-12T14:41:26+00:00","description":"Apprenez-en davantage sur notre \u00e9quipe, nos valeurs, et les fondements de notre entreprise.","breadcrumb":{"@id":"https:\/\/euroleads.eu\/fr\/a-propos\/#breadcrumb"},"inLanguage":"fr-FR","potentialAction":[{"@type":"ReadAction","target":["https:\/\/euroleads.eu\/fr\/a-propos\/"]}]},{"@type":"ImageObject","inLanguage":"fr-FR","@id":"https:\/\/euroleads.eu\/fr\/a-propos\/#primaryimage","url":"https:\/\/euroleads.eu\/wp-content\/uploads\/2024\/08\/sbo-eur-240603-1-0068-scaled.jpg","contentUrl":"https:\/\/euroleads.eu\/wp-content\/uploads\/2024\/08\/sbo-eur-240603-1-0068-scaled.jpg","width":2048,"height":1366,"caption":"r\u00e9union de collaborateurs Euroleads"},{"@type":"BreadcrumbList","@id":"https:\/\/euroleads.eu\/fr\/a-propos\/#breadcrumb","itemListElement":[{"@type":"ListItem","position":1,"name":"Accueil","item":"https:\/\/euroleads.eu\/fr\/"},{"@type":"ListItem","position":2,"name":"\u00c0 propos"}]},{"@type":"WebSite","@id":"https:\/\/euroleads.eu\/fr\/#website","url":"https:\/\/euroleads.eu\/fr\/","name":"Euroleads","description":"","publisher":{"@id":"https:\/\/euroleads.eu\/fr\/#organization"},"potentialAction":[{"@type":"SearchAction","target":{"@type":"EntryPoint","urlTemplate":"https:\/\/euroleads.eu\/fr\/?s={search_term_string}"},"query-input":{"@type":"PropertyValueSpecification","valueRequired":true,"valueName":"search_term_string"}}],"inLanguage":"fr-FR"},{"@type":"Organization","@id":"https:\/\/euroleads.eu\/fr\/#organization","name":"Euroleads","alternateName":"Euroleads","url":"https:\/\/euroleads.eu\/fr\/","logo":{"@type":"ImageObject","inLanguage":"fr-FR","@id":"https:\/\/euroleads.eu\/fr\/#\/schema\/logo\/image\/","url":"https:\/\/euroleads.eu\/wp-content\/uploads\/2024\/06\/logo-euroleads.png","contentUrl":"https:\/\/euroleads.eu\/wp-content\/uploads\/2024\/06\/logo-euroleads.png","width":250,"height":52,"caption":"Euroleads"},"image":{"@id":"https:\/\/euroleads.eu\/fr\/#\/schema\/logo\/image\/"}}]}},"_links":{"self":[{"href":"https:\/\/euroleads.eu\/fr\/wp-json\/wp\/v2\/pages\/359","targetHints":{"allow":["GET"]}}],"collection":[{"href":"https:\/\/euroleads.eu\/fr\/wp-json\/wp\/v2\/pages"}],"about":[{"href":"https:\/\/euroleads.eu\/fr\/wp-json\/wp\/v2\/types\/page"}],"author":[{"embeddable":true,"href":"https:\/\/euroleads.eu\/fr\/wp-json\/wp\/v2\/users\/1"}],"replies":[{"embeddable":true,"href":"https:\/\/euroleads.eu\/fr\/wp-json\/wp\/v2\/comments?post=359"}],"version-history":[{"count":4,"href":"https:\/\/euroleads.eu\/fr\/wp-json\/wp\/v2\/pages\/359\/revisions"}],"predecessor-version":[{"id":1754,"href":"https:\/\/euroleads.eu\/fr\/wp-json\/wp\/v2\/pages\/359\/revisions\/1754"}],"wp:featuredmedia":[{"embeddable":true,"href":"https:\/\/euroleads.eu\/fr\/wp-json\/wp\/v2\/media\/1393"}],"wp:attachment":[{"href":"https:\/\/euroleads.eu\/fr\/wp-json\/wp\/v2\/media?parent=359"}],"curies":[{"name":"wp","href":"https:\/\/api.w.org\/{rel}","templated":true}]}}