{"id":294,"date":"2022-05-20T11:56:53","date_gmt":"2022-05-20T09:56:53","guid":{"rendered":"https:\/\/euroleads.eu\/accueil\/"},"modified":"2025-01-09T11:44:06","modified_gmt":"2025-01-09T10:44:06","slug":"accueil","status":"publish","type":"page","link":"https:\/\/euroleads.eu\/fr\/","title":{"rendered":"Accueil"},"content":{"rendered":"<h1>Data everywhere, for everyone. <\/h1>\n<h2>Une protection contre la fraude et l&rsquo;usurpation d&rsquo;identit\u00e9. <\/h2>\n<p>La v\u00e9rification d&#8217;identit\u00e9 est le processus de confirmation de l&#8217;identit\u00e9 d&#8217;une personne, n\u00e9cessaire dans les transactions en ligne. Elle agit comme une protection contre la fraude et le vol d&#8217;identit\u00e9, renfor\u00e7ant les mesures de s\u00e9curit\u00e9 pour les entreprises et les utilisateurs.<\/p>\n<h2>Nous naviguons sur les march\u00e9s internationaux depuis plus de 45 ans. <\/h2>\n<p>Avec une expertise \u00e9tendue dans les march\u00e9s locaux et internationaux, nous exploitons un vaste r\u00e9seau de partenaires couvrant l\u2019Europe et au-del\u00e0. Cela nous permet de fournir des solutions compl\u00e8tes adapt\u00e9es \u00e0 vos besoins, que vous vous concentriez sur une croissance locale ou une expansion mondiale.<\/p>\n<h2>Chiffres cl\u00e9s <\/h2>\n<h2>S\u00e9curiser l\u2019Identit\u00e9. <\/h2>\n<p>En 2022, nous avons \u00e9largi nos horizons avec GIV &#8211; Global Identity Verification. Avec GIV, nous offrons des solutions compl\u00e8tes telles que la v\u00e9rification de documents, de donn\u00e9es, biom\u00e9trique et par empreinte vocale. Qu&#8217;ils soient utilis\u00e9s individuellement ou ensemble, ces solutions nous permettent de lutter efficacement contre la fraude et de prot\u00e9ger vos identit\u00e9s.<\/p>\n<h2>Valoriser vos donn\u00e9es pour des strat\u00e9gies sur mesure. <\/h2>\n<p>Nous int\u00e9grons le traitement de donn\u00e9es \u00e0 l&#8217;\u00e9chelle mondiale, la recherche, les recommandations sur mesure, ainsi que les strat\u00e9gies de s\u00e9lection localis\u00e9es. En exploitant la multiplicit\u00e9 de nos sources \u00e0 travers le monde, nous proposons des solutions personnalis\u00e9es pour r\u00e9pondre aux exigences sp\u00e9cifiques, et garantir des r\u00e9sultats marketing optimaux, adapt\u00e9s \u00e0 la r\u00e9alit\u00e9 de chaque pays.<\/p>\n","protected":false},"excerpt":{"rendered":"<p>Data everywhere, for everyone. Une protection contre la fraude et l&rsquo;usurpation d&rsquo;identit\u00e9. La v\u00e9rification d&#8217;identit\u00e9 est le processus de confirmation de l&#8217;identit\u00e9 d&#8217;une personne, n\u00e9cessaire dans les transactions en ligne. Elle agit comme une protection contre la fraude et le vol d&#8217;identit\u00e9, renfor\u00e7ant les mesures de s\u00e9curit\u00e9 pour les entreprises et les utilisateurs. Nous naviguons [&hellip;]<\/p>\n","protected":false},"author":1,"featured_media":0,"parent":0,"menu_order":0,"comment_status":"closed","ping_status":"closed","template":"","meta":{"_acf_changed":false,"footnotes":""},"class_list":["post-294","page","type-page","status-publish","hentry"],"acf":[],"yoast_head":"<!-- This site is optimized with the Yoast SEO plugin v27.4 - https:\/\/yoast.com\/product\/yoast-seo-wordpress\/ -->\n<title>L&#039;agence experte en bases de donn\u00e9es locales et internationales | Euroleads<\/title>\n<meta name=\"description\" content=\"D\u00e9couvrez Euroleads, votre partenaire en data marketing depuis 1980. Forts de plus de 40 ans d&#039;expertise, nous anticipons les \u00e9volutions du march\u00e9 pour offrir des solutions compl\u00e8tes et innovantes en gestion de donn\u00e9es.\" \/>\n<meta name=\"robots\" content=\"index, follow, max-snippet:-1, max-image-preview:large, max-video-preview:-1\" \/>\n<link rel=\"canonical\" href=\"https:\/\/euroleads.eu\/fr\/\" \/>\n<meta property=\"og:locale\" content=\"fr_FR\" \/>\n<meta property=\"og:type\" content=\"article\" \/>\n<meta property=\"og:title\" content=\"L&#039;agence experte en bases de donn\u00e9es locales et internationales | Euroleads\" \/>\n<meta property=\"og:description\" content=\"D\u00e9couvrez Euroleads, votre partenaire en data marketing depuis 1980. Forts de plus de 40 ans d&#039;expertise, nous anticipons les \u00e9volutions du march\u00e9 pour offrir des solutions compl\u00e8tes et innovantes en gestion de donn\u00e9es.\" \/>\n<meta property=\"og:url\" content=\"https:\/\/euroleads.eu\/fr\/\" \/>\n<meta property=\"og:site_name\" content=\"Euroleads\" \/>\n<meta property=\"article:modified_time\" content=\"2025-01-09T10:44:06+00:00\" \/>\n<meta name=\"twitter:card\" content=\"summary_large_image\" \/>\n<meta name=\"twitter:label1\" content=\"Dur\u00e9e de lecture estim\u00e9e\" \/>\n\t<meta name=\"twitter:data1\" content=\"3 minutes\" \/>\n<script type=\"application\/ld+json\" class=\"yoast-schema-graph\">{\"@context\":\"https:\\\/\\\/schema.org\",\"@graph\":[{\"@type\":\"WebPage\",\"@id\":\"https:\\\/\\\/euroleads.eu\\\/fr\\\/\",\"url\":\"https:\\\/\\\/euroleads.eu\\\/fr\\\/\",\"name\":\"L'agence experte en bases de donn\u00e9es locales et internationales | Euroleads\",\"isPartOf\":{\"@id\":\"https:\\\/\\\/euroleads.eu\\\/fr\\\/#website\"},\"datePublished\":\"2022-05-20T09:56:53+00:00\",\"dateModified\":\"2025-01-09T10:44:06+00:00\",\"description\":\"D\u00e9couvrez Euroleads, votre partenaire en data marketing depuis 1980. Forts de plus de 40 ans d'expertise, nous anticipons les \u00e9volutions du march\u00e9 pour offrir des solutions compl\u00e8tes et innovantes en gestion de donn\u00e9es.\",\"breadcrumb\":{\"@id\":\"https:\\\/\\\/euroleads.eu\\\/fr\\\/#breadcrumb\"},\"inLanguage\":\"fr-FR\",\"potentialAction\":[{\"@type\":\"ReadAction\",\"target\":[\"https:\\\/\\\/euroleads.eu\\\/fr\\\/\"]}]},{\"@type\":\"BreadcrumbList\",\"@id\":\"https:\\\/\\\/euroleads.eu\\\/fr\\\/#breadcrumb\",\"itemListElement\":[{\"@type\":\"ListItem\",\"position\":1,\"name\":\"Accueil\",\"item\":\"https:\\\/\\\/euroleads.eu\\\/fr\\\/\"},{\"@type\":\"ListItem\",\"position\":2,\"name\":\"Accueil\"}]},{\"@type\":\"WebSite\",\"@id\":\"https:\\\/\\\/euroleads.eu\\\/fr\\\/#website\",\"url\":\"https:\\\/\\\/euroleads.eu\\\/fr\\\/\",\"name\":\"Euroleads\",\"description\":\"\",\"publisher\":{\"@id\":\"https:\\\/\\\/euroleads.eu\\\/fr\\\/#organization\"},\"potentialAction\":[{\"@type\":\"SearchAction\",\"target\":{\"@type\":\"EntryPoint\",\"urlTemplate\":\"https:\\\/\\\/euroleads.eu\\\/fr\\\/?s={search_term_string}\"},\"query-input\":{\"@type\":\"PropertyValueSpecification\",\"valueRequired\":true,\"valueName\":\"search_term_string\"}}],\"inLanguage\":\"fr-FR\"},{\"@type\":\"Organization\",\"@id\":\"https:\\\/\\\/euroleads.eu\\\/fr\\\/#organization\",\"name\":\"Euroleads\",\"alternateName\":\"Euroleads\",\"url\":\"https:\\\/\\\/euroleads.eu\\\/fr\\\/\",\"logo\":{\"@type\":\"ImageObject\",\"inLanguage\":\"fr-FR\",\"@id\":\"https:\\\/\\\/euroleads.eu\\\/fr\\\/#\\\/schema\\\/logo\\\/image\\\/\",\"url\":\"https:\\\/\\\/euroleads.eu\\\/wp-content\\\/uploads\\\/2024\\\/06\\\/logo-euroleads.png\",\"contentUrl\":\"https:\\\/\\\/euroleads.eu\\\/wp-content\\\/uploads\\\/2024\\\/06\\\/logo-euroleads.png\",\"width\":250,\"height\":52,\"caption\":\"Euroleads\"},\"image\":{\"@id\":\"https:\\\/\\\/euroleads.eu\\\/fr\\\/#\\\/schema\\\/logo\\\/image\\\/\"}}]}<\/script>\n<!-- \/ Yoast SEO plugin. -->","yoast_head_json":{"title":"L'agence experte en bases de donn\u00e9es locales et internationales | Euroleads","description":"D\u00e9couvrez Euroleads, votre partenaire en data marketing depuis 1980. Forts de plus de 40 ans d'expertise, nous anticipons les \u00e9volutions du march\u00e9 pour offrir des solutions compl\u00e8tes et innovantes en gestion de donn\u00e9es.","robots":{"index":"index","follow":"follow","max-snippet":"max-snippet:-1","max-image-preview":"max-image-preview:large","max-video-preview":"max-video-preview:-1"},"canonical":"https:\/\/euroleads.eu\/fr\/","og_locale":"fr_FR","og_type":"article","og_title":"L'agence experte en bases de donn\u00e9es locales et internationales | Euroleads","og_description":"D\u00e9couvrez Euroleads, votre partenaire en data marketing depuis 1980. Forts de plus de 40 ans d'expertise, nous anticipons les \u00e9volutions du march\u00e9 pour offrir des solutions compl\u00e8tes et innovantes en gestion de donn\u00e9es.","og_url":"https:\/\/euroleads.eu\/fr\/","og_site_name":"Euroleads","article_modified_time":"2025-01-09T10:44:06+00:00","twitter_card":"summary_large_image","twitter_misc":{"Dur\u00e9e de lecture estim\u00e9e":"3 minutes"},"schema":{"@context":"https:\/\/schema.org","@graph":[{"@type":"WebPage","@id":"https:\/\/euroleads.eu\/fr\/","url":"https:\/\/euroleads.eu\/fr\/","name":"L'agence experte en bases de donn\u00e9es locales et internationales | Euroleads","isPartOf":{"@id":"https:\/\/euroleads.eu\/fr\/#website"},"datePublished":"2022-05-20T09:56:53+00:00","dateModified":"2025-01-09T10:44:06+00:00","description":"D\u00e9couvrez Euroleads, votre partenaire en data marketing depuis 1980. Forts de plus de 40 ans d'expertise, nous anticipons les \u00e9volutions du march\u00e9 pour offrir des solutions compl\u00e8tes et innovantes en gestion de donn\u00e9es.","breadcrumb":{"@id":"https:\/\/euroleads.eu\/fr\/#breadcrumb"},"inLanguage":"fr-FR","potentialAction":[{"@type":"ReadAction","target":["https:\/\/euroleads.eu\/fr\/"]}]},{"@type":"BreadcrumbList","@id":"https:\/\/euroleads.eu\/fr\/#breadcrumb","itemListElement":[{"@type":"ListItem","position":1,"name":"Accueil","item":"https:\/\/euroleads.eu\/fr\/"},{"@type":"ListItem","position":2,"name":"Accueil"}]},{"@type":"WebSite","@id":"https:\/\/euroleads.eu\/fr\/#website","url":"https:\/\/euroleads.eu\/fr\/","name":"Euroleads","description":"","publisher":{"@id":"https:\/\/euroleads.eu\/fr\/#organization"},"potentialAction":[{"@type":"SearchAction","target":{"@type":"EntryPoint","urlTemplate":"https:\/\/euroleads.eu\/fr\/?s={search_term_string}"},"query-input":{"@type":"PropertyValueSpecification","valueRequired":true,"valueName":"search_term_string"}}],"inLanguage":"fr-FR"},{"@type":"Organization","@id":"https:\/\/euroleads.eu\/fr\/#organization","name":"Euroleads","alternateName":"Euroleads","url":"https:\/\/euroleads.eu\/fr\/","logo":{"@type":"ImageObject","inLanguage":"fr-FR","@id":"https:\/\/euroleads.eu\/fr\/#\/schema\/logo\/image\/","url":"https:\/\/euroleads.eu\/wp-content\/uploads\/2024\/06\/logo-euroleads.png","contentUrl":"https:\/\/euroleads.eu\/wp-content\/uploads\/2024\/06\/logo-euroleads.png","width":250,"height":52,"caption":"Euroleads"},"image":{"@id":"https:\/\/euroleads.eu\/fr\/#\/schema\/logo\/image\/"}}]}},"_links":{"self":[{"href":"https:\/\/euroleads.eu\/fr\/wp-json\/wp\/v2\/pages\/294","targetHints":{"allow":["GET"]}}],"collection":[{"href":"https:\/\/euroleads.eu\/fr\/wp-json\/wp\/v2\/pages"}],"about":[{"href":"https:\/\/euroleads.eu\/fr\/wp-json\/wp\/v2\/types\/page"}],"author":[{"embeddable":true,"href":"https:\/\/euroleads.eu\/fr\/wp-json\/wp\/v2\/users\/1"}],"replies":[{"embeddable":true,"href":"https:\/\/euroleads.eu\/fr\/wp-json\/wp\/v2\/comments?post=294"}],"version-history":[{"count":4,"href":"https:\/\/euroleads.eu\/fr\/wp-json\/wp\/v2\/pages\/294\/revisions"}],"predecessor-version":[{"id":1715,"href":"https:\/\/euroleads.eu\/fr\/wp-json\/wp\/v2\/pages\/294\/revisions\/1715"}],"wp:attachment":[{"href":"https:\/\/euroleads.eu\/fr\/wp-json\/wp\/v2\/media?parent=294"}],"curies":[{"name":"wp","href":"https:\/\/api.w.org\/{rel}","templated":true}]}}