{"id":289,"date":"2022-05-20T11:57:13","date_gmt":"2022-05-20T09:57:13","guid":{"rendered":"https:\/\/euroleads.eu\/mentions-legales\/"},"modified":"2024-09-17T17:48:13","modified_gmt":"2024-09-17T15:48:13","slug":"mentions-legales","status":"publish","type":"page","link":"https:\/\/euroleads.eu\/fr\/mentions-legales\/","title":{"rendered":"Mentions l\u00e9gales"},"content":{"rendered":"<h1>Mentions l\u00e9gales <\/h1>\n<p>1 \u2013 Propri\u00e9taire du site web :<br \/>\n&nbsp;<br \/>\nEUROLEADS, Soci\u00e9t\u00e9 par actions simplifi\u00e9e, au capital social de 60\u00a0000 \u20ac<br \/>\n9 Rue Michelet, 37000 TOURS, France<br \/>\nRCS de Rennes\u00a0: 320\u00a0179\u00a0922<br \/>\nAPE : 7311z<br \/>\nN\u00b0 TVA intracommunautaire : FR 91 32 01 79 922<br \/>\n&#99;&#111;n&#116;a&#99;t&#64;euro&#108;&#101;&#97;&#100;s.eu<br \/>\n+33 (0)2 42 67 04 80<br \/>\n&nbsp;<br \/>\nDirecteur de publication : Arnaud LE LANN, en qualit\u00e9 de directeur g\u00e9n\u00e9ral de la soci\u00e9t\u00e9 EUROLEADS.<br \/>\n&nbsp;<br \/>\n2 \u2013 H\u00e9bergeur et \u00e9diteur du site web :<br \/>\n&nbsp;<br \/>\nWEB IMAGES ASSOCIES, soci\u00e9t\u00e9 par actions simplifi\u00e9e au capital social de 6\u00a0000 euros<br \/>\n6 Boulevard Avenue JULES VERNE, 44230 SAINT-SEBASTIEN-SUR-LOIRE, France<br \/>\nRCS de Nantes\u00a0: 750\u00a0664\u00a0575<br \/>\nAPE\u00a0: 6311z<br \/>\nN\u00b0 TVA intracommunautaire\u00a0: FR 27 75 06 64 575<br \/>\nc&#111;&#110;ta&#99;&#116;&#64;w&#101;b-i&#97;&#46;co&#109;<br \/>\n+33 2 28 00 01 26<br \/>\n&nbsp;<br \/>\n3 \u2013 Propri\u00e9t\u00e9 intellectuelle<br \/>\n&nbsp;<br \/>\nTous les \u00e9l\u00e9ments des sites \u00ab\u00a0euroleads.eu\u00a0\u00bb ou \u00ab\u00a0euroleads.fr\u00a0\u00bb, y compris les textes, graphiques, logos, sons, photos, animations, sont la propri\u00e9t\u00e9 exclusive de la soci\u00e9t\u00e9 EUROLEADS, \u00e0 l&#8217;exception des marques, logos ou contenus pouvant appartenir \u00e0 d&#8217;autres soci\u00e9t\u00e9s partenaires ou auteurs.<br \/>\nToute reproduction, distribution, modification, adaptation, retransmission ou publication, m\u00eame partielle, de ces diff\u00e9rents \u00e9l\u00e9ments est strictement interdite sans l&#8217;accord express par \u00e9crit de la soci\u00e9t\u00e9 EUROLEADS. Cette repr\u00e9sentation ou reproduction, par quelque proc\u00e9d\u00e9 que ce soit, constitue un d\u00e9lit de contrefa\u00e7on ou un acte de concurrence d\u00e9loyale.<br \/>\n&nbsp;<br \/>\n4 &#8211; Donn\u00e9es personnelles<br \/>\nSi vous voulez plus d\u2019information sur la mani\u00e8re dont nous traitons vos donn\u00e9es personnelles, nous vous invitons \u00e0 consulter notre politique de confidentialit\u00e9 \u00e0 l\u2019adresse suivante\u00a0: https:\/\/euroleads.eu\/fr\/politique-de-confidentialite\/<br \/>\nDate de mise \u00e0 jour\u00a0: 19\/08\/2024<\/p>\n","protected":false},"excerpt":{"rendered":"<p>Mentions l\u00e9gales 1 \u2013 Propri\u00e9taire du site web : &nbsp; EUROLEADS, Soci\u00e9t\u00e9 par actions simplifi\u00e9e, au capital social de 60\u00a0000 \u20ac 9 Rue Michelet, 37000 TOURS, France RCS de Rennes\u00a0: 320\u00a0179\u00a0922 APE : 7311z N\u00b0 TVA intracommunautaire : FR 91 32 01 79 922 &#99;&#111;n&#116;a&#99;t&#64;euro&#108;&#101;&#97;&#100;s.eu +33 (0)2 42 67 04 80 &nbsp; Directeur de publication [&hellip;]<\/p>\n","protected":false},"author":1,"featured_media":0,"parent":0,"menu_order":0,"comment_status":"closed","ping_status":"closed","template":"","meta":{"_acf_changed":false,"footnotes":""},"class_list":["post-289","page","type-page","status-publish","hentry"],"acf":[],"yoast_head":"<!-- This site is optimized with the Yoast SEO plugin v27.3 - https:\/\/yoast.com\/product\/yoast-seo-wordpress\/ -->\n<title>Mentions l\u00e9gales | Euroleads<\/title>\n<meta name=\"robots\" content=\"index, follow, max-snippet:-1, max-image-preview:large, max-video-preview:-1\" \/>\n<link rel=\"canonical\" href=\"https:\/\/euroleads.eu\/fr\/mentions-legales\/\" \/>\n<meta property=\"og:locale\" content=\"fr_FR\" \/>\n<meta property=\"og:type\" content=\"article\" \/>\n<meta property=\"og:title\" content=\"Mentions l\u00e9gales | Euroleads\" \/>\n<meta property=\"og:description\" content=\"Mentions l\u00e9gales 1 \u2013 Propri\u00e9taire du site web : &nbsp; EUROLEADS, Soci\u00e9t\u00e9 par actions simplifi\u00e9e, au capital social de 60\u00a0000 \u20ac 9 Rue Michelet, 37000 TOURS, France RCS de Rennes\u00a0: 320\u00a0179\u00a0922 APE : 7311z N\u00b0 TVA intracommunautaire : FR 91 32 01 79 922 &#099;&#111;n&#116;a&#099;t&#064;euro&#108;&#101;&#097;&#100;s.eu +33 (0)2 42 67 04 80 &nbsp; Directeur de publication [&hellip;]\" \/>\n<meta property=\"og:url\" content=\"https:\/\/euroleads.eu\/fr\/mentions-legales\/\" \/>\n<meta property=\"og:site_name\" content=\"Euroleads\" \/>\n<meta property=\"article:modified_time\" content=\"2024-09-17T15:48:13+00:00\" \/>\n<meta name=\"twitter:card\" content=\"summary_large_image\" \/>\n<meta name=\"twitter:label1\" content=\"Dur\u00e9e de lecture estim\u00e9e\" \/>\n\t<meta name=\"twitter:data1\" content=\"3 minutes\" \/>\n<script type=\"application\/ld+json\" class=\"yoast-schema-graph\">{\"@context\":\"https:\\\/\\\/schema.org\",\"@graph\":[{\"@type\":\"WebPage\",\"@id\":\"https:\\\/\\\/euroleads.eu\\\/fr\\\/mentions-legales\\\/\",\"url\":\"https:\\\/\\\/euroleads.eu\\\/fr\\\/mentions-legales\\\/\",\"name\":\"Mentions l\u00e9gales | Euroleads\",\"isPartOf\":{\"@id\":\"https:\\\/\\\/euroleads.eu\\\/fr\\\/#website\"},\"datePublished\":\"2022-05-20T09:57:13+00:00\",\"dateModified\":\"2024-09-17T15:48:13+00:00\",\"breadcrumb\":{\"@id\":\"https:\\\/\\\/euroleads.eu\\\/fr\\\/mentions-legales\\\/#breadcrumb\"},\"inLanguage\":\"fr-FR\",\"potentialAction\":[{\"@type\":\"ReadAction\",\"target\":[\"https:\\\/\\\/euroleads.eu\\\/fr\\\/mentions-legales\\\/\"]}]},{\"@type\":\"BreadcrumbList\",\"@id\":\"https:\\\/\\\/euroleads.eu\\\/fr\\\/mentions-legales\\\/#breadcrumb\",\"itemListElement\":[{\"@type\":\"ListItem\",\"position\":1,\"name\":\"Accueil\",\"item\":\"https:\\\/\\\/euroleads.eu\\\/fr\\\/\"},{\"@type\":\"ListItem\",\"position\":2,\"name\":\"Mentions l\u00e9gales\"}]},{\"@type\":\"WebSite\",\"@id\":\"https:\\\/\\\/euroleads.eu\\\/fr\\\/#website\",\"url\":\"https:\\\/\\\/euroleads.eu\\\/fr\\\/\",\"name\":\"Euroleads\",\"description\":\"\",\"publisher\":{\"@id\":\"https:\\\/\\\/euroleads.eu\\\/fr\\\/#organization\"},\"potentialAction\":[{\"@type\":\"SearchAction\",\"target\":{\"@type\":\"EntryPoint\",\"urlTemplate\":\"https:\\\/\\\/euroleads.eu\\\/fr\\\/?s={search_term_string}\"},\"query-input\":{\"@type\":\"PropertyValueSpecification\",\"valueRequired\":true,\"valueName\":\"search_term_string\"}}],\"inLanguage\":\"fr-FR\"},{\"@type\":\"Organization\",\"@id\":\"https:\\\/\\\/euroleads.eu\\\/fr\\\/#organization\",\"name\":\"Euroleads\",\"alternateName\":\"Euroleads\",\"url\":\"https:\\\/\\\/euroleads.eu\\\/fr\\\/\",\"logo\":{\"@type\":\"ImageObject\",\"inLanguage\":\"fr-FR\",\"@id\":\"https:\\\/\\\/euroleads.eu\\\/fr\\\/#\\\/schema\\\/logo\\\/image\\\/\",\"url\":\"https:\\\/\\\/euroleads.eu\\\/wp-content\\\/uploads\\\/2024\\\/06\\\/logo-euroleads.png\",\"contentUrl\":\"https:\\\/\\\/euroleads.eu\\\/wp-content\\\/uploads\\\/2024\\\/06\\\/logo-euroleads.png\",\"width\":250,\"height\":52,\"caption\":\"Euroleads\"},\"image\":{\"@id\":\"https:\\\/\\\/euroleads.eu\\\/fr\\\/#\\\/schema\\\/logo\\\/image\\\/\"}}]}<\/script>\n<!-- \/ Yoast SEO plugin. -->","yoast_head_json":{"title":"Mentions l\u00e9gales | Euroleads","robots":{"index":"index","follow":"follow","max-snippet":"max-snippet:-1","max-image-preview":"max-image-preview:large","max-video-preview":"max-video-preview:-1"},"canonical":"https:\/\/euroleads.eu\/fr\/mentions-legales\/","og_locale":"fr_FR","og_type":"article","og_title":"Mentions l\u00e9gales | Euroleads","og_description":"Mentions l\u00e9gales 1 \u2013 Propri\u00e9taire du site web : &nbsp; EUROLEADS, Soci\u00e9t\u00e9 par actions simplifi\u00e9e, au capital social de 60\u00a0000 \u20ac 9 Rue Michelet, 37000 TOURS, France RCS de Rennes\u00a0: 320\u00a0179\u00a0922 APE : 7311z N\u00b0 TVA intracommunautaire : FR 91 32 01 79 922 &#99;&#111;n&#116;a&#99;t&#64;euro&#108;&#101;&#97;&#100;s.eu +33 (0)2 42 67 04 80 &nbsp; Directeur de publication [&hellip;]","og_url":"https:\/\/euroleads.eu\/fr\/mentions-legales\/","og_site_name":"Euroleads","article_modified_time":"2024-09-17T15:48:13+00:00","twitter_card":"summary_large_image","twitter_misc":{"Dur\u00e9e de lecture estim\u00e9e":"3 minutes"},"schema":{"@context":"https:\/\/schema.org","@graph":[{"@type":"WebPage","@id":"https:\/\/euroleads.eu\/fr\/mentions-legales\/","url":"https:\/\/euroleads.eu\/fr\/mentions-legales\/","name":"Mentions l\u00e9gales | Euroleads","isPartOf":{"@id":"https:\/\/euroleads.eu\/fr\/#website"},"datePublished":"2022-05-20T09:57:13+00:00","dateModified":"2024-09-17T15:48:13+00:00","breadcrumb":{"@id":"https:\/\/euroleads.eu\/fr\/mentions-legales\/#breadcrumb"},"inLanguage":"fr-FR","potentialAction":[{"@type":"ReadAction","target":["https:\/\/euroleads.eu\/fr\/mentions-legales\/"]}]},{"@type":"BreadcrumbList","@id":"https:\/\/euroleads.eu\/fr\/mentions-legales\/#breadcrumb","itemListElement":[{"@type":"ListItem","position":1,"name":"Accueil","item":"https:\/\/euroleads.eu\/fr\/"},{"@type":"ListItem","position":2,"name":"Mentions l\u00e9gales"}]},{"@type":"WebSite","@id":"https:\/\/euroleads.eu\/fr\/#website","url":"https:\/\/euroleads.eu\/fr\/","name":"Euroleads","description":"","publisher":{"@id":"https:\/\/euroleads.eu\/fr\/#organization"},"potentialAction":[{"@type":"SearchAction","target":{"@type":"EntryPoint","urlTemplate":"https:\/\/euroleads.eu\/fr\/?s={search_term_string}"},"query-input":{"@type":"PropertyValueSpecification","valueRequired":true,"valueName":"search_term_string"}}],"inLanguage":"fr-FR"},{"@type":"Organization","@id":"https:\/\/euroleads.eu\/fr\/#organization","name":"Euroleads","alternateName":"Euroleads","url":"https:\/\/euroleads.eu\/fr\/","logo":{"@type":"ImageObject","inLanguage":"fr-FR","@id":"https:\/\/euroleads.eu\/fr\/#\/schema\/logo\/image\/","url":"https:\/\/euroleads.eu\/wp-content\/uploads\/2024\/06\/logo-euroleads.png","contentUrl":"https:\/\/euroleads.eu\/wp-content\/uploads\/2024\/06\/logo-euroleads.png","width":250,"height":52,"caption":"Euroleads"},"image":{"@id":"https:\/\/euroleads.eu\/fr\/#\/schema\/logo\/image\/"}}]}},"_links":{"self":[{"href":"https:\/\/euroleads.eu\/fr\/wp-json\/wp\/v2\/pages\/289","targetHints":{"allow":["GET"]}}],"collection":[{"href":"https:\/\/euroleads.eu\/fr\/wp-json\/wp\/v2\/pages"}],"about":[{"href":"https:\/\/euroleads.eu\/fr\/wp-json\/wp\/v2\/types\/page"}],"author":[{"embeddable":true,"href":"https:\/\/euroleads.eu\/fr\/wp-json\/wp\/v2\/users\/1"}],"replies":[{"embeddable":true,"href":"https:\/\/euroleads.eu\/fr\/wp-json\/wp\/v2\/comments?post=289"}],"version-history":[{"count":3,"href":"https:\/\/euroleads.eu\/fr\/wp-json\/wp\/v2\/pages\/289\/revisions"}],"predecessor-version":[{"id":1642,"href":"https:\/\/euroleads.eu\/fr\/wp-json\/wp\/v2\/pages\/289\/revisions\/1642"}],"wp:attachment":[{"href":"https:\/\/euroleads.eu\/fr\/wp-json\/wp\/v2\/media?parent=289"}],"curies":[{"name":"wp","href":"https:\/\/api.w.org\/{rel}","templated":true}]}}